{"id":1269,"date":"2024-05-10T11:17:28","date_gmt":"2024-05-10T09:17:28","guid":{"rendered":"https:\/\/greenfilmforum.eu\/foro\/"},"modified":"2024-10-16T12:20:52","modified_gmt":"2024-10-16T10:20:52","slug":"foro","status":"publish","type":"page","link":"https:\/\/greenfilmforum.eu\/es\/foro\/","title":{"rendered":"Foro"},"content":{"rendered":"\t\t<div data-elementor-type=\"wp-page\" data-elementor-id=\"1269\" class=\"elementor elementor-1269 elementor-14\" data-elementor-post-type=\"page\">\n\t\t\t\t<div class=\"elementor-element elementor-element-35d06d3 e-con-full e-flex e-con e-parent\" data-id=\"35d06d3\" data-element_type=\"container\" data-e-type=\"container\">\n\t\t\t\t<div class=\"elementor-element elementor-element-d35fcce elementor-widget elementor-widget-heading\" data-id=\"d35fcce\" data-element_type=\"widget\" data-e-type=\"widget\" data-widget_type=\"heading.default\">\n\t\t\t\t<div class=\"elementor-widget-container\">\n\t\t\t\t\t<h2 class=\"elementor-heading-title elementor-size-default\">\u00bfQui\u00e9nes somos?<\/h2>\t\t\t\t<\/div>\n\t\t\t\t<\/div>\n\t\t\t\t<\/div>\n\t\t<div class=\"elementor-element elementor-element-94cfa55 e-flex e-con-boxed e-con e-parent\" data-id=\"94cfa55\" data-element_type=\"container\" data-e-type=\"container\">\n\t\t\t\t\t<div class=\"e-con-inner\">\n\t\t\t\t<div class=\"elementor-element elementor-element-a26ad76 elementor-widget elementor-widget-heading\" data-id=\"a26ad76\" data-element_type=\"widget\" data-e-type=\"widget\" data-widget_type=\"heading.default\">\n\t\t\t\t<div class=\"elementor-widget-container\">\n\t\t\t\t\t<h2 class=\"elementor-heading-title elementor-size-default\">Green Film Forum: El primer foro dedicado a los rodajes sostenibles<\/h2>\t\t\t\t<\/div>\n\t\t\t\t<\/div>\n\t\t\t\t<div class=\"elementor-element elementor-element-9d00e03 elementor-widget elementor-widget-heading\" data-id=\"9d00e03\" data-element_type=\"widget\" data-e-type=\"widget\" data-widget_type=\"heading.default\">\n\t\t\t\t<div class=\"elementor-widget-container\">\n\t\t\t\t\t<span class=\"elementor-heading-title elementor-size-default\">La Fundaci\u00f3 Mallorca Turisme se enorgullece de presentar el Green Film Forum, el primer foro dedicado al rodaje sostenible en les Illes Balears, que se celebrar\u00e1 del 18 al 20 de octubre en Mallorca.<\/span>\t\t\t\t<\/div>\n\t\t\t\t<\/div>\n\t\t\t\t<div class=\"elementor-element elementor-element-c8f00e0 elementor-widget elementor-widget-text-editor\" data-id=\"c8f00e0\" data-element_type=\"widget\" data-e-type=\"widget\" data-widget_type=\"text-editor.default\">\n\t\t\t\t<div class=\"elementor-widget-container\">\n\t\t\t\t\t\t\t\t\t<p><span style=\"font-weight: 400;\">Este evento pionero en la regi\u00f3n reunir\u00e1 a cineastas, productores, profesionales del audiovisual, expertos en sostenibilidad y representantes gubernamentales para impulsar pr\u00e1cticas de producci\u00f3n ecol\u00f3gicas y responsables.<\/span><\/p>\n<p><span style=\"font-weight: 400;\">Durante tres d\u00edas, el Green Film Forum ofrecer\u00e1 una plataforma \u00fanica para el intercambio de conocimientos y experiencias. La agenda estar\u00e1 repleta de conferencias, talleres, mesas redondas y oportunidades de networking. Los asistentes podr\u00e1n explorar las \u00faltimas innovaciones en rodaje sostenible, gesti\u00f3n de recursos, reducci\u00f3n de la huella de carbono e implementaci\u00f3n de tecnolog\u00edas verdes en la producci\u00f3n cinematogr\u00e1fica. <\/span><\/p>\n\t\t\t\t\t\t\t\t<\/div>\n\t\t\t\t<\/div>\n\t\t\t\t\t<\/div>\n\t\t\t\t<\/div>\n\t\t<div class=\"elementor-element elementor-element-8c998e6 e-flex e-con-boxed e-con e-parent\" data-id=\"8c998e6\" data-element_type=\"container\" data-e-type=\"container\">\n\t\t\t\t\t<div class=\"e-con-inner\">\n\t\t\t\t<div class=\"elementor-element elementor-element-22b6455 elementor-widget elementor-widget-image-carousel\" data-id=\"22b6455\" data-element_type=\"widget\" data-e-type=\"widget\" data-settings=\"{&quot;slides_to_show&quot;:&quot;1&quot;,&quot;navigation&quot;:&quot;none&quot;,&quot;lazyload&quot;:&quot;yes&quot;,&quot;autoplay_speed&quot;:2400,&quot;autoplay&quot;:&quot;yes&quot;,&quot;pause_on_hover&quot;:&quot;yes&quot;,&quot;pause_on_interaction&quot;:&quot;yes&quot;,&quot;infinite&quot;:&quot;yes&quot;,&quot;effect&quot;:&quot;slide&quot;,&quot;speed&quot;:500}\" data-widget_type=\"image-carousel.default\">\n\t\t\t\t<div class=\"elementor-widget-container\">\n\t\t\t\t\t\t\t<div class=\"elementor-image-carousel-wrapper swiper\" role=\"region\" aria-roledescription=\"carousel\" aria-label=\"Carrusel de im\u00e1genes\" dir=\"ltr\">\n\t\t\t<div class=\"elementor-image-carousel swiper-wrapper swiper-image-stretch\" aria-live=\"off\">\n\t\t\t\t\t\t\t\t<div class=\"swiper-slide\" role=\"group\" aria-roledescription=\"slide\" aria-label=\"1 de 4\"><figure class=\"swiper-slide-inner\"><img class=\"swiper-slide-image swiper-lazy\" data-src=\"https:\/\/greenfilmforum.eu\/wp-content\/uploads\/2024\/06\/01-GreenFilmForum.webp\" alt=\"01-GreenFilmForum\" \/><div class=\"swiper-lazy-preloader\"><\/div><\/figure><\/div><div class=\"swiper-slide\" role=\"group\" aria-roledescription=\"slide\" aria-label=\"2 de 4\"><figure class=\"swiper-slide-inner\"><img class=\"swiper-slide-image swiper-lazy\" data-src=\"https:\/\/greenfilmforum.eu\/wp-content\/uploads\/2024\/06\/02-GreenFilmForum.webp\" alt=\"02-GreenFilmForum\" \/><div class=\"swiper-lazy-preloader\"><\/div><\/figure><\/div><div class=\"swiper-slide\" role=\"group\" aria-roledescription=\"slide\" aria-label=\"3 de 4\"><figure class=\"swiper-slide-inner\"><img class=\"swiper-slide-image swiper-lazy\" data-src=\"https:\/\/greenfilmforum.eu\/wp-content\/uploads\/2024\/06\/03-GreenFilmForum.webp\" alt=\"03-GreenFilmForum\" \/><div class=\"swiper-lazy-preloader\"><\/div><\/figure><\/div><div class=\"swiper-slide\" role=\"group\" aria-roledescription=\"slide\" aria-label=\"4 de 4\"><figure class=\"swiper-slide-inner\"><img class=\"swiper-slide-image swiper-lazy\" data-src=\"https:\/\/greenfilmforum.eu\/wp-content\/uploads\/2024\/06\/04-GreenFilmForum.webp\" alt=\"04-GreenFilmForum\" \/><div class=\"swiper-lazy-preloader\"><\/div><\/figure><\/div>\t\t\t<\/div>\n\t\t\t\t\t\t\t\n\t\t\t\t\t\t\t\t\t<\/div>\n\t\t\t\t\t\t<\/div>\n\t\t\t\t<\/div>\n\t\t\t\t\t<\/div>\n\t\t\t\t<\/div>\n\t\t<div class=\"elementor-element elementor-element-c87cc9f e-con-full e-flex e-con e-parent\" data-id=\"c87cc9f\" data-element_type=\"container\" data-e-type=\"container\">\n\t\t\t\t<div class=\"elementor-element elementor-element-8695d70 elementor-widget-divider--view-line elementor-widget elementor-widget-divider\" data-id=\"8695d70\" data-element_type=\"widget\" data-e-type=\"widget\" data-widget_type=\"divider.default\">\n\t\t\t\t<div class=\"elementor-widget-container\">\n\t\t\t\t\t\t\t<div class=\"elementor-divider\">\n\t\t\t<span class=\"elementor-divider-separator\">\n\t\t\t\t\t\t<\/span>\n\t\t<\/div>\n\t\t\t\t\t\t<\/div>\n\t\t\t\t<\/div>\n\t\t\t\t<div class=\"elementor-element elementor-element-c906683 elementor-widget elementor-widget-heading\" data-id=\"c906683\" data-element_type=\"widget\" data-e-type=\"widget\" data-widget_type=\"heading.default\">\n\t\t\t\t<div class=\"elementor-widget-container\">\n\t\t\t\t\t<h2 class=\"elementor-heading-title elementor-size-default\">\u00bfQu\u00e9 encontrar\u00e1s en este foro?<\/h2>\t\t\t\t<\/div>\n\t\t\t\t<\/div>\n\t\t\t\t<\/div>\n\t\t<div class=\"elementor-element elementor-element-ff1bd91 e-flex e-con-boxed e-con e-parent\" data-id=\"ff1bd91\" data-element_type=\"container\" data-e-type=\"container\">\n\t\t\t\t\t<div class=\"e-con-inner\">\n\t\t\t\t<div class=\"elementor-element elementor-element-509eff9 elementor-widget elementor-widget-heading\" data-id=\"509eff9\" data-element_type=\"widget\" data-e-type=\"widget\" data-widget_type=\"heading.default\">\n\t\t\t\t<div class=\"elementor-widget-container\">\n\t\t\t\t\t<span class=\"elementor-heading-title elementor-size-default\">Organizado por la Fundaci\u00f3 Mallorca Turisme, Green Film Forum, el primer foro de rodajes sostenibles en les Illes Balears, se llevar\u00e1 a cabo del 18 al 20 de octubre en Mallorca. <\/span>\t\t\t\t<\/div>\n\t\t\t\t<\/div>\n\t\t\t\t<div class=\"elementor-element elementor-element-c2b7924 elementor-widget elementor-widget-heading\" data-id=\"c2b7924\" data-element_type=\"widget\" data-e-type=\"widget\" data-widget_type=\"heading.default\">\n\t\t\t\t<div class=\"elementor-widget-container\">\n\t\t\t\t\t<span class=\"elementor-heading-title elementor-size-default\">Durante estos tres d\u00edas, el foro ser\u00e1 una plataforma \u00fanica para compartir conocimientos y experiencias sobre la sostenibilidad en la industria audiovisual. Aqu\u00ed encontrar\u00e1s: <\/span>\t\t\t\t<\/div>\n\t\t\t\t<\/div>\n\t\t\t\t<div class=\"elementor-element elementor-element-654f912 elementor-widget elementor-widget-heading\" data-id=\"654f912\" data-element_type=\"widget\" data-e-type=\"widget\" data-widget_type=\"heading.default\">\n\t\t\t\t<div class=\"elementor-widget-container\">\n\t\t\t\t\t<span class=\"elementor-heading-title elementor-size-default\">\u2192 Conferencias Magistrales<\/span>\t\t\t\t<\/div>\n\t\t\t\t<\/div>\n\t\t\t\t<div class=\"elementor-element elementor-element-06803fe elementor-widget elementor-widget-text-editor\" data-id=\"06803fe\" data-element_type=\"widget\" data-e-type=\"widget\" data-widget_type=\"text-editor.default\">\n\t\t\t\t<div class=\"elementor-widget-container\">\n\t\t\t\t\t\t\t\t\t<p><span style=\"font-weight: 400;\">Escucha a l\u00edderes del sector y expertos en sostenibilidad que compartir\u00e1n sus conocimientos sobre las \u00faltimas tendencias y pr\u00e1cticas en la producci\u00f3n cinematogr\u00e1fica sostenible.<\/span><\/p>\n\t\t\t\t\t\t\t\t<\/div>\n\t\t\t\t<\/div>\n\t\t\t\t<div class=\"elementor-element elementor-element-ec1e16a elementor-widget elementor-widget-heading\" data-id=\"ec1e16a\" data-element_type=\"widget\" data-e-type=\"widget\" data-widget_type=\"heading.default\">\n\t\t\t\t<div class=\"elementor-widget-container\">\n\t\t\t\t\t<span class=\"elementor-heading-title elementor-size-default\">\u2192 Talleres Interactivos<\/span>\t\t\t\t<\/div>\n\t\t\t\t<\/div>\n\t\t\t\t<div class=\"elementor-element elementor-element-313e70c elementor-widget elementor-widget-text-editor\" data-id=\"313e70c\" data-element_type=\"widget\" data-e-type=\"widget\" data-widget_type=\"text-editor.default\">\n\t\t\t\t<div class=\"elementor-widget-container\">\n\t\t\t\t\t\t\t\t\t<p><span style=\"font-weight: 400;\">Participa en talleres pr\u00e1cticos que te ense\u00f1ar\u00e1n a implementar tecnolog\u00edas y pr\u00e1cticas sostenibles en la producci\u00f3n cinematogr\u00e1fica.<\/span><\/p>\n\t\t\t\t\t\t\t\t<\/div>\n\t\t\t\t<\/div>\n\t\t\t\t<div class=\"elementor-element elementor-element-ebf6096 elementor-widget elementor-widget-heading\" data-id=\"ebf6096\" data-element_type=\"widget\" data-e-type=\"widget\" data-widget_type=\"heading.default\">\n\t\t\t\t<div class=\"elementor-widget-container\">\n\t\t\t\t\t<span class=\"elementor-heading-title elementor-size-default\">\u2192 Mesas Redondas<\/span>\t\t\t\t<\/div>\n\t\t\t\t<\/div>\n\t\t\t\t<div class=\"elementor-element elementor-element-16570e9 elementor-widget elementor-widget-text-editor\" data-id=\"16570e9\" data-element_type=\"widget\" data-e-type=\"widget\" data-widget_type=\"text-editor.default\">\n\t\t\t\t<div class=\"elementor-widget-container\">\n\t\t\t\t\t\t\t\t\t<p><span style=\"font-weight: 400;\">\u00danete a debates din\u00e1micos que abordar\u00e1n los desaf\u00edos y oportunidades de la producci\u00f3n sostenible junto a profesionales de la industria.<\/span><\/p>\n\t\t\t\t\t\t\t\t<\/div>\n\t\t\t\t<\/div>\n\t\t\t\t<div class=\"elementor-element elementor-element-6670a91 elementor-widget elementor-widget-heading\" data-id=\"6670a91\" data-element_type=\"widget\" data-e-type=\"widget\" data-widget_type=\"heading.default\">\n\t\t\t\t<div class=\"elementor-widget-container\">\n\t\t\t\t\t<span class=\"elementor-heading-title elementor-size-default\">\u2192 Sesiones de Networking<\/span>\t\t\t\t<\/div>\n\t\t\t\t<\/div>\n\t\t\t\t<div class=\"elementor-element elementor-element-01424a9 elementor-widget elementor-widget-text-editor\" data-id=\"01424a9\" data-element_type=\"widget\" data-e-type=\"widget\" data-widget_type=\"text-editor.default\">\n\t\t\t\t<div class=\"elementor-widget-container\">\n\t\t\t\t\t\t\t\t\t<p><span style=\"font-weight: 400;\">Aprovecha las oportunidades para conectarte con otros profesionales del cine, productores y expertos en sostenibilidad, fomentando colaboraciones y alianzas estrat\u00e9gicas.<\/span><\/p>\n\t\t\t\t\t\t\t\t<\/div>\n\t\t\t\t<\/div>\n\t\t\t\t<div class=\"elementor-element elementor-element-a245994 elementor-widget elementor-widget-heading\" data-id=\"a245994\" data-element_type=\"widget\" data-e-type=\"widget\" data-widget_type=\"heading.default\">\n\t\t\t\t<div class=\"elementor-widget-container\">\n\t\t\t\t\t<span class=\"elementor-heading-title elementor-size-default\">Green Film Forum no es solo un evento; es una oportunidad para posicionar a les Illes Balears como un referente en el rodaje sostenible y atraer producciones internacionales comprometidas con la sostenibilidad.<\/span>\t\t\t\t<\/div>\n\t\t\t\t<\/div>\n\t\t\t\t\t<\/div>\n\t\t\t\t<\/div>\n\t\t<div class=\"elementor-element elementor-element-a070d5b e-con-full e-flex e-con e-parent\" data-id=\"a070d5b\" data-element_type=\"container\" data-e-type=\"container\">\n\t\t\t\t<div class=\"elementor-element elementor-element-aee7b03 elementor-widget-divider--view-line elementor-widget elementor-widget-divider\" data-id=\"aee7b03\" data-element_type=\"widget\" data-e-type=\"widget\" data-widget_type=\"divider.default\">\n\t\t\t\t<div class=\"elementor-widget-container\">\n\t\t\t\t\t\t\t<div class=\"elementor-divider\">\n\t\t\t<span class=\"elementor-divider-separator\">\n\t\t\t\t\t\t<\/span>\n\t\t<\/div>\n\t\t\t\t\t\t<\/div>\n\t\t\t\t<\/div>\n\t\t\t\t<div class=\"elementor-element elementor-element-4baafe8 elementor-widget elementor-widget-heading\" data-id=\"4baafe8\" data-element_type=\"widget\" data-e-type=\"widget\" data-widget_type=\"heading.default\">\n\t\t\t\t<div class=\"elementor-widget-container\">\n\t\t\t\t\t<h2 class=\"elementor-heading-title elementor-size-default\">Declaraci\u00f3n de Compromiso Verde<\/h2>\t\t\t\t<\/div>\n\t\t\t\t<\/div>\n\t\t\t\t<\/div>\n\t\t<div class=\"elementor-element elementor-element-244fedf e-flex e-con-boxed e-con e-parent\" data-id=\"244fedf\" data-element_type=\"container\" data-e-type=\"container\">\n\t\t\t\t\t<div class=\"e-con-inner\">\n\t\t\t\t<div class=\"elementor-element elementor-element-2154ee5 elementor-widget elementor-widget-heading\" data-id=\"2154ee5\" data-element_type=\"widget\" data-e-type=\"widget\" data-widget_type=\"heading.default\">\n\t\t\t\t<div class=\"elementor-widget-container\">\n\t\t\t\t\t<span class=\"elementor-heading-title elementor-size-default\">En Green Film Forum, creemos firmemente en el poder del cine para inspirar el cambio y movilizar a las comunidades hacia un futuro m\u00e1s sostenible.<\/span>\t\t\t\t<\/div>\n\t\t\t\t<\/div>\n\t\t\t\t<div class=\"elementor-element elementor-element-f62bc3e elementor-widget elementor-widget-heading\" data-id=\"f62bc3e\" data-element_type=\"widget\" data-e-type=\"widget\" data-widget_type=\"heading.default\">\n\t\t\t\t<div class=\"elementor-widget-container\">\n\t\t\t\t\t<span class=\"elementor-heading-title elementor-size-default\">Reconocemos la urgencia de abordar la crisis clim\u00e1tica y la responsabilidad compartida de proteger nuestro planeta. Por ello, nos comprometemos a promover pr\u00e1cticas sostenibles en todas las etapas de la producci\u00f3n cinematogr\u00e1fica. <\/span>\t\t\t\t<\/div>\n\t\t\t\t<\/div>\n\t\t\t\t<div class=\"elementor-element elementor-element-c926356 elementor-widget elementor-widget-heading\" data-id=\"c926356\" data-element_type=\"widget\" data-e-type=\"widget\" data-widget_type=\"heading.default\">\n\t\t\t\t<div class=\"elementor-widget-container\">\n\t\t\t\t\t<span class=\"elementor-heading-title elementor-size-default\">Nuestros compromisos incluyen:<\/span>\t\t\t\t<\/div>\n\t\t\t\t<\/div>\n\t\t\t\t<div class=\"elementor-element elementor-element-aee294f elementor-widget elementor-widget-heading\" data-id=\"aee294f\" data-element_type=\"widget\" data-e-type=\"widget\" data-widget_type=\"heading.default\">\n\t\t\t\t<div class=\"elementor-widget-container\">\n\t\t\t\t\t<span class=\"elementor-heading-title elementor-size-default\">\u2192 Producci\u00f3n Sostenible<\/span>\t\t\t\t<\/div>\n\t\t\t\t<\/div>\n\t\t\t\t<div class=\"elementor-element elementor-element-f3ba2f5 elementor-widget elementor-widget-text-editor\" data-id=\"f3ba2f5\" data-element_type=\"widget\" data-e-type=\"widget\" data-widget_type=\"text-editor.default\">\n\t\t\t\t<div class=\"elementor-widget-container\">\n\t\t\t\t\t\t\t\t\t<p><span style=\"font-weight: 400;\">Fomentaremos el uso de tecnolog\u00edas y pr\u00e1cticas que minimicen el impacto ambiental en todas las fases de la producci\u00f3n cinematogr\u00e1fica, desde la preproducci\u00f3n hasta la postproducci\u00f3n. Esto incluye el uso de energ\u00eda renovable, la reducci\u00f3n de residuos y la promoci\u00f3n de transportes m\u00e1s ecol\u00f3gicos. <\/span><\/p>\n\t\t\t\t\t\t\t\t<\/div>\n\t\t\t\t<\/div>\n\t\t\t\t<div class=\"elementor-element elementor-element-fd691b4 elementor-widget elementor-widget-heading\" data-id=\"fd691b4\" data-element_type=\"widget\" data-e-type=\"widget\" data-widget_type=\"heading.default\">\n\t\t\t\t<div class=\"elementor-widget-container\">\n\t\t\t\t\t<span class=\"elementor-heading-title elementor-size-default\">\u2192 Educaci\u00f3n y Concienciaci\u00f3n<\/span>\t\t\t\t<\/div>\n\t\t\t\t<\/div>\n\t\t\t\t<div class=\"elementor-element elementor-element-2eed9a4 elementor-widget elementor-widget-text-editor\" data-id=\"2eed9a4\" data-element_type=\"widget\" data-e-type=\"widget\" data-widget_type=\"text-editor.default\">\n\t\t\t\t<div class=\"elementor-widget-container\">\n\t\t\t\t\t\t\t\t\t<p><span style=\"font-weight: 400;\">Organizaremos talleres, seminarios y mesas redondas para educar a los profesionales del sector sobre la importancia de la sostenibilidad, adem\u00e1s de concienciar al p\u00fablico a trav\u00e9s de nuestras producciones y eventos. <\/span><\/p>\n\t\t\t\t\t\t\t\t<\/div>\n\t\t\t\t<\/div>\n\t\t\t\t<div class=\"elementor-element elementor-element-93d28e8 elementor-widget elementor-widget-heading\" data-id=\"93d28e8\" data-element_type=\"widget\" data-e-type=\"widget\" data-widget_type=\"heading.default\">\n\t\t\t\t<div class=\"elementor-widget-container\">\n\t\t\t\t\t<span class=\"elementor-heading-title elementor-size-default\">\u2192 Colaboraci\u00f3n Comunitaria<\/span>\t\t\t\t<\/div>\n\t\t\t\t<\/div>\n\t\t\t\t<div class=\"elementor-element elementor-element-bc56ca0 elementor-widget elementor-widget-text-editor\" data-id=\"bc56ca0\" data-element_type=\"widget\" data-e-type=\"widget\" data-widget_type=\"text-editor.default\">\n\t\t\t\t<div class=\"elementor-widget-container\">\n\t\t\t\t\t\t\t\t\t<p><span style=\"font-weight: 400;\">Trabajamos en conjunto con organizaciones ambientales, comunidades locales y otros actores de la industria para desarrollar e implementar soluciones innovadoras que beneficien tanto al medio ambiente como a la sociedad.<\/span><\/p>\n\t\t\t\t\t\t\t\t<\/div>\n\t\t\t\t<\/div>\n\t\t\t\t<div class=\"elementor-element elementor-element-c866f7c elementor-widget elementor-widget-heading\" data-id=\"c866f7c\" data-element_type=\"widget\" data-e-type=\"widget\" data-widget_type=\"heading.default\">\n\t\t\t\t<div class=\"elementor-widget-container\">\n\t\t\t\t\t<span class=\"elementor-heading-title elementor-size-default\">\u2192 Compromiso K0<\/span>\t\t\t\t<\/div>\n\t\t\t\t<\/div>\n\t\t\t\t<div class=\"elementor-element elementor-element-7620440 elementor-widget elementor-widget-text-editor\" data-id=\"7620440\" data-element_type=\"widget\" data-e-type=\"widget\" data-widget_type=\"text-editor.default\">\n\t\t\t\t<div class=\"elementor-widget-container\">\n\t\t\t\t\t\t\t\t\t<p><span style=\"font-weight: 400;\">Nos comprometemos a priorizar el abastecimiento de suministros locales para todas nuestras necesidades de producci\u00f3n, gesti\u00f3n y catering. Al elegir proveedores locales, reducimos significativamente la huella de carbono asociada al transporte de materiales. Este enfoque no solo disminuye nuestro impacto ambiental, sino que tambi\u00e9n fortalece las econom\u00edas locales y fomenta la sostenibilidad comunitaria. Espec\u00edficamente:   <\/span><\/p>\n\t\t\t\t\t\t\t\t<\/div>\n\t\t\t\t<\/div>\n\t\t\t\t<div class=\"elementor-element elementor-element-5fa7001 elementor-widget elementor-widget-text-editor\" data-id=\"5fa7001\" data-element_type=\"widget\" data-e-type=\"widget\" data-widget_type=\"text-editor.default\">\n\t\t\t\t<div class=\"elementor-widget-container\">\n\t\t\t\t\t\t\t\t\t<ul>\n<li><strong>Producci\u00f3n.&nbsp;<span style=\"font-weight: 400;\">Utilizamos materiales producidos localmente siempre que sea posible, apoyando a los fabricantes y artesanos locales.<\/span><\/strong><\/li>\n<li><strong>Gesti\u00f3n.&nbsp;<span style=\"font-weight: 400;\">Aplicamos pol\u00edticas de compra sostenible en la gesti\u00f3n de nuestras oficinas y eventos, eligiendo productos y servicios de proveedores locales.<\/span><\/strong><\/li>\n<li><strong>Catering.&nbsp;<span style=\"font-weight: 400;\">En nuestras producciones y eventos, seleccionamos alimentos y bebidas de productores locales, priorizando opciones org\u00e1nicas y de comercio justo, promoviendo una cadena de suministro m\u00e1s responsable y sostenible.<\/span><\/strong><\/li>\n<\/ul>\t\t\t\t\t\t\t\t<\/div>\n\t\t\t\t<\/div>\n\t\t\t\t<div class=\"elementor-element elementor-element-8628be7 elementor-widget elementor-widget-heading\" data-id=\"8628be7\" data-element_type=\"widget\" data-e-type=\"widget\" data-widget_type=\"heading.default\">\n\t\t\t\t<div class=\"elementor-widget-container\">\n\t\t\t\t\t<span class=\"elementor-heading-title elementor-size-default\">Green Film Forum es m\u00e1s que un evento; es una plataforma para posicionar a les Illes Balears como un referente en la producci\u00f3n cinematogr\u00e1fica sostenible y atraer producciones internacionales comprometidas con el medio ambiente.<\/span>\t\t\t\t<\/div>\n\t\t\t\t<\/div>\n\t\t\t\t\t<\/div>\n\t\t\t\t<\/div>\n\t\t<div class=\"elementor-element elementor-element-835900c e-con-full e-flex e-con e-parent\" data-id=\"835900c\" data-element_type=\"container\" data-e-type=\"container\">\n\t\t\t\t<div class=\"elementor-element elementor-element-35744e1 elementor-widget-divider--view-line elementor-widget elementor-widget-divider\" data-id=\"35744e1\" data-element_type=\"widget\" data-e-type=\"widget\" data-widget_type=\"divider.default\">\n\t\t\t\t<div class=\"elementor-widget-container\">\n\t\t\t\t\t\t\t<div class=\"elementor-divider\">\n\t\t\t<span class=\"elementor-divider-separator\">\n\t\t\t\t\t\t<\/span>\n\t\t<\/div>\n\t\t\t\t\t\t<\/div>\n\t\t\t\t<\/div>\n\t\t\t\t<div class=\"elementor-element elementor-element-4407cfe elementor-widget elementor-widget-heading\" data-id=\"4407cfe\" data-element_type=\"widget\" data-e-type=\"widget\" data-widget_type=\"heading.default\">\n\t\t\t\t<div class=\"elementor-widget-container\">\n\t\t\t\t\t<h2 class=\"elementor-heading-title elementor-size-default\">\u00bfQui\u00e9n lo maneja?<\/h2>\t\t\t\t<\/div>\n\t\t\t\t<\/div>\n\t\t\t\t<\/div>\n\t\t<div class=\"elementor-element elementor-element-ee457c6 e-flex e-con-boxed e-con e-parent\" data-id=\"ee457c6\" data-element_type=\"container\" data-e-type=\"container\">\n\t\t\t\t\t<div class=\"e-con-inner\">\n\t\t\t\t<div class=\"elementor-element elementor-element-eba7eee elementor-widget elementor-widget-heading\" data-id=\"eba7eee\" data-element_type=\"widget\" data-e-type=\"widget\" data-widget_type=\"heading.default\">\n\t\t\t\t<div class=\"elementor-widget-container\">\n\t\t\t\t\t<span class=\"elementor-heading-title elementor-size-default\">El GFF es una iniciativa de la Fundaci\u00f3 Mallorca Turisme y la Mallorca Film Commission, financiada con fondos Next Generation.<\/span>\t\t\t\t<\/div>\n\t\t\t\t<\/div>\n\t\t\t\t\t<\/div>\n\t\t\t\t<\/div>\n\t\t\t\t<\/div>\n\t\t","protected":false},"excerpt":{"rendered":"<p>\u00bfQui\u00e9nes somos? Green Film Forum: El primer foro dedicado a los rodajes sostenibles La Fundaci\u00f3 Mallorca Turisme se enorgullece de presentar el Green Film Forum, el primer foro dedicado al rodaje sostenible en les Illes Balears, que se celebrar\u00e1 del 18 al 20 de octubre en Mallorca. Este evento pionero en la regi\u00f3n reunir\u00e1 a [&hellip;]<\/p>\n","protected":false},"author":1,"featured_media":0,"parent":0,"menu_order":0,"comment_status":"closed","ping_status":"closed","template":"elementor_header_footer","meta":{"footnotes":""},"class_list":["post-1269","page","type-page","status-publish","hentry"],"_links":{"self":[{"href":"https:\/\/greenfilmforum.eu\/es\/wp-json\/wp\/v2\/pages\/1269","targetHints":{"allow":["GET"]}}],"collection":[{"href":"https:\/\/greenfilmforum.eu\/es\/wp-json\/wp\/v2\/pages"}],"about":[{"href":"https:\/\/greenfilmforum.eu\/es\/wp-json\/wp\/v2\/types\/page"}],"author":[{"embeddable":true,"href":"https:\/\/greenfilmforum.eu\/es\/wp-json\/wp\/v2\/users\/1"}],"replies":[{"embeddable":true,"href":"https:\/\/greenfilmforum.eu\/es\/wp-json\/wp\/v2\/comments?post=1269"}],"version-history":[{"count":1,"href":"https:\/\/greenfilmforum.eu\/es\/wp-json\/wp\/v2\/pages\/1269\/revisions"}],"predecessor-version":[{"id":1270,"href":"https:\/\/greenfilmforum.eu\/es\/wp-json\/wp\/v2\/pages\/1269\/revisions\/1270"}],"wp:attachment":[{"href":"https:\/\/greenfilmforum.eu\/es\/wp-json\/wp\/v2\/media?parent=1269"}],"curies":[{"name":"wp","href":"https:\/\/api.w.org\/{rel}","templated":true}]}}