{"id":1271,"date":"2024-06-17T12:44:27","date_gmt":"2024-06-17T10:44:27","guid":{"rendered":"https:\/\/greenfilmforum.eu\/galeria\/"},"modified":"2024-10-17T12:54:42","modified_gmt":"2024-10-17T10:54:42","slug":"galeria","status":"publish","type":"page","link":"https:\/\/greenfilmforum.eu\/es\/galeria\/","title":{"rendered":"Galer\u00eda"},"content":{"rendered":"\t\t<div data-elementor-type=\"wp-page\" data-elementor-id=\"1271\" class=\"elementor elementor-1271 elementor-273\" data-elementor-post-type=\"page\">\n\t\t\t\t<div class=\"elementor-element elementor-element-3fbf9ca e-con-full e-flex e-con e-parent\" data-id=\"3fbf9ca\" data-element_type=\"container\" data-e-type=\"container\">\n\t\t\t\t<div class=\"elementor-element elementor-element-f2b1247 elementor-widget elementor-widget-heading\" data-id=\"f2b1247\" data-element_type=\"widget\" data-e-type=\"widget\" data-widget_type=\"heading.default\">\n\t\t\t\t<div class=\"elementor-widget-container\">\n\t\t\t\t\t<h1 class=\"elementor-heading-title elementor-size-default\">Galer\u00eda<\/h1>\t\t\t\t<\/div>\n\t\t\t\t<\/div>\n\t\t\t\t<\/div>\n\t\t<div class=\"elementor-element elementor-element-7e30577 e-con-full e-flex e-con e-parent\" data-id=\"7e30577\" data-element_type=\"container\" data-e-type=\"container\">\n\t\t\t\t<div class=\"elementor-element elementor-element-b1eaa64 e-n-tabs-none elementor-widget elementor-widget-n-tabs\" data-id=\"b1eaa64\" data-element_type=\"widget\" data-e-type=\"widget\" data-settings=\"{&quot;tabs_justify_horizontal_mobile&quot;:&quot;stretch&quot;,&quot;tabs_justify_horizontal&quot;:&quot;start&quot;,&quot;horizontal_scroll&quot;:&quot;disable&quot;}\" data-widget_type=\"nested-tabs.default\">\n\t\t\t\t<div class=\"elementor-widget-container\">\n\t\t\t\t\t\t\t<div class=\"e-n-tabs\" data-widget-number=\"186559076\" aria-label=\"Pesta\u00f1as. Abre elementos con Intro o Espacio, ci\u00e9rralos con Escape y navega con las fechas.\">\n\t\t\t<div class=\"e-n-tabs-heading\" role=\"tablist\">\n\t\t\t\t\t<button id=\"e-n-tab-title-1865590761\" data-tab-title-id=\"e-n-tab-title-1865590761\" class=\"e-n-tab-title\" aria-selected=\"true\" data-tab-index=\"1\" role=\"tab\" tabindex=\"0\" aria-controls=\"e-n-tab-content-1865590761\" style=\"--n-tabs-title-order: 1;\">\n\t\t\t\t\t\t<span class=\"e-n-tab-title-text\">\n\t\t\t\tGALER\u00cdA 2024\t\t\t<\/span>\n\t\t<\/button>\n\t\t\t\t\t<\/div>\n\t\t\t<div class=\"e-n-tabs-content\">\n\t\t\t\t<div id=\"e-n-tab-content-1865590761\" role=\"tabpanel\" aria-labelledby=\"e-n-tab-title-1865590761\" data-tab-index=\"1\" style=\"--n-tabs-title-order: 1;\" class=\"e-active elementor-element elementor-element-3d79a8c expanded e-con-full e-flex e-con e-child\" data-id=\"3d79a8c\" data-element_type=\"container\" data-e-type=\"container\">\n\t\t\t\t<div class=\"elementor-element elementor-element-69d76d3 gallery-spacing-custom elementor-widget__width-inherit elementor-widget elementor-widget-image-gallery\" data-id=\"69d76d3\" data-element_type=\"widget\" data-e-type=\"widget\" data-widget_type=\"image-gallery.default\">\n\t\t\t\t<div class=\"elementor-widget-container\">\n\t\t\t\t\t\t\t<div class=\"elementor-image-gallery\">\n\t\t\t<div id='gallery-1' class='gallery galleryid-1271 gallery-columns-3 gallery-size-full'><figure class='gallery-item'>\n\t\t\t<div class='gallery-icon landscape'>\n\t\t\t\t<a data-elementor-open-lightbox=\"yes\" data-elementor-lightbox-slideshow=\"69d76d3\" data-elementor-lightbox-title=\"GFF-October-2024\" data-e-action-hash=\"#elementor-action%3Aaction%3Dlightbox%26settings%3DeyJpZCI6MTIyMiwidXJsIjoiaHR0cHM6XC9cL2dyZWVuZmlsbWZvcnVtLmV1XC93cC1jb250ZW50XC91cGxvYWRzXC8yMDI0XC8wNVwvR0ZGLU9jdG9iZXItMjAyNC53ZWJwIiwic2xpZGVzaG93IjoiNjlkNzZkMyJ9\" href='https:\/\/greenfilmforum.eu\/wp-content\/uploads\/2024\/05\/GFF-October-2024.webp'><img fetchpriority=\"high\" decoding=\"async\" width=\"2016\" height=\"1512\" src=\"https:\/\/greenfilmforum.eu\/wp-content\/uploads\/2024\/05\/GFF-October-2024.webp\" class=\"attachment-full size-full\" alt=\"\" srcset=\"https:\/\/greenfilmforum.eu\/wp-content\/uploads\/2024\/05\/GFF-October-2024.webp 2016w, https:\/\/greenfilmforum.eu\/wp-content\/uploads\/2024\/05\/GFF-October-2024-300x225.webp 300w, https:\/\/greenfilmforum.eu\/wp-content\/uploads\/2024\/05\/GFF-October-2024-1024x768.webp 1024w, https:\/\/greenfilmforum.eu\/wp-content\/uploads\/2024\/05\/GFF-October-2024-768x576.webp 768w, https:\/\/greenfilmforum.eu\/wp-content\/uploads\/2024\/05\/GFF-October-2024-1536x1152.webp 1536w\" sizes=\"(max-width: 2016px) 100vw, 2016px\" \/><\/a>\n\t\t\t<\/div><\/figure><figure class='gallery-item'>\n\t\t\t<div class='gallery-icon landscape'>\n\t\t\t\t<a data-elementor-open-lightbox=\"yes\" data-elementor-lightbox-slideshow=\"69d76d3\" data-elementor-lightbox-title=\"GreenFilmForum_H4\" data-e-action-hash=\"#elementor-action%3Aaction%3Dlightbox%26settings%3DeyJpZCI6MTIyMywidXJsIjoiaHR0cHM6XC9cL2dyZWVuZmlsbWZvcnVtLmV1XC93cC1jb250ZW50XC91cGxvYWRzXC8yMDI0XC8wN1wvR3JlZW5GaWxtRm9ydW1fSDQud2VicCIsInNsaWRlc2hvdyI6IjY5ZDc2ZDMifQ%3D%3D\" href='https:\/\/greenfilmforum.eu\/wp-content\/uploads\/2024\/07\/GreenFilmForum_H4.webp'><img decoding=\"async\" width=\"2016\" height=\"1134\" src=\"https:\/\/greenfilmforum.eu\/wp-content\/uploads\/2024\/07\/GreenFilmForum_H4.webp\" class=\"attachment-full size-full\" alt=\"\" srcset=\"https:\/\/greenfilmforum.eu\/wp-content\/uploads\/2024\/07\/GreenFilmForum_H4.webp 2016w, https:\/\/greenfilmforum.eu\/wp-content\/uploads\/2024\/07\/GreenFilmForum_H4-300x169.webp 300w, https:\/\/greenfilmforum.eu\/wp-content\/uploads\/2024\/07\/GreenFilmForum_H4-1024x576.webp 1024w, https:\/\/greenfilmforum.eu\/wp-content\/uploads\/2024\/07\/GreenFilmForum_H4-768x432.webp 768w, https:\/\/greenfilmforum.eu\/wp-content\/uploads\/2024\/07\/GreenFilmForum_H4-1536x864.webp 1536w\" sizes=\"(max-width: 2016px) 100vw, 2016px\" \/><\/a>\n\t\t\t<\/div><\/figure><figure class='gallery-item'>\n\t\t\t<div class='gallery-icon landscape'>\n\t\t\t\t<a data-elementor-open-lightbox=\"yes\" data-elementor-lightbox-slideshow=\"69d76d3\" data-elementor-lightbox-title=\"Green Film Forum\" data-e-action-hash=\"#elementor-action%3Aaction%3Dlightbox%26settings%3DeyJpZCI6MTIzMSwidXJsIjoiaHR0cHM6XC9cL2dyZWVuZmlsbWZvcnVtLmV1XC93cC1jb250ZW50XC91cGxvYWRzXC8yMDI0XC8wOVwvR3JlZW4tRmlsbS1Gb3J1bS5wbmciLCJzbGlkZXNob3ciOiI2OWQ3NmQzIn0%3D\" href='https:\/\/greenfilmforum.eu\/wp-content\/uploads\/2024\/09\/Green-Film-Forum.png'><img decoding=\"async\" width=\"1920\" height=\"1080\" src=\"https:\/\/greenfilmforum.eu\/wp-content\/uploads\/2024\/09\/Green-Film-Forum.png\" class=\"attachment-full size-full\" alt=\"\" srcset=\"https:\/\/greenfilmforum.eu\/wp-content\/uploads\/2024\/09\/Green-Film-Forum.png 1920w, https:\/\/greenfilmforum.eu\/wp-content\/uploads\/2024\/09\/Green-Film-Forum-300x169.png 300w, https:\/\/greenfilmforum.eu\/wp-content\/uploads\/2024\/09\/Green-Film-Forum-1024x576.png 1024w, https:\/\/greenfilmforum.eu\/wp-content\/uploads\/2024\/09\/Green-Film-Forum-768x432.png 768w, https:\/\/greenfilmforum.eu\/wp-content\/uploads\/2024\/09\/Green-Film-Forum-1536x864.png 1536w\" sizes=\"(max-width: 1920px) 100vw, 1920px\" \/><\/a>\n\t\t\t<\/div><\/figure>\n\t\t<\/div>\n\t\t<\/div>\n\t\t\t\t\t\t<\/div>\n\t\t\t\t<\/div>\n\t\t\t\t<\/div>\n\t\t\t\t\t<\/div>\n\t\t<\/div>\n\t\t\t\t\t\t<\/div>\n\t\t\t\t<\/div>\n\t\t\t\t<\/div>\n\t\t<div class=\"elementor-element elementor-element-ab6b30d e-flex e-con-boxed e-con e-parent\" data-id=\"ab6b30d\" data-element_type=\"container\" data-e-type=\"container\">\n\t\t\t\t\t<div class=\"e-con-inner\">\n\t\t\t\t<div class=\"elementor-element elementor-element-b161246 elementor-align-left elementor-widget elementor-widget-button\" data-id=\"b161246\" data-element_type=\"widget\" data-e-type=\"widget\" data-widget_type=\"button.default\">\n\t\t\t\t<div class=\"elementor-widget-container\">\n\t\t\t\t\t\t\t\t\t<div class=\"elementor-button-wrapper\">\n\t\t\t\t\t<a class=\"elementor-button elementor-button-link elementor-size-sm\" href=\"https:\/\/drive.google.com\/drive\/folders\/17kxPgPZW0SrwC2P1osrqEorlmubqdEPG?usp=sharing\">\n\t\t\t\t\t\t<span class=\"elementor-button-content-wrapper\">\n\t\t\t\t\t\t\t\t\t<span class=\"elementor-button-text\">Descarga la galer\u00eda<\/span>\n\t\t\t\t\t<\/span>\n\t\t\t\t\t<\/a>\n\t\t\t\t<\/div>\n\t\t\t\t\t\t\t\t<\/div>\n\t\t\t\t<\/div>\n\t\t\t\t\t<\/div>\n\t\t\t\t<\/div>\n\t\t\t\t<\/div>\n\t\t","protected":false},"excerpt":{"rendered":"<p>Galer\u00eda GALER\u00cdA 2024 Descarga la galer\u00eda<\/p>\n","protected":false},"author":1,"featured_media":0,"parent":0,"menu_order":0,"comment_status":"closed","ping_status":"closed","template":"elementor_header_footer","meta":{"footnotes":""},"class_list":["post-1271","page","type-page","status-publish","hentry"],"_links":{"self":[{"href":"https:\/\/greenfilmforum.eu\/es\/wp-json\/wp\/v2\/pages\/1271","targetHints":{"allow":["GET"]}}],"collection":[{"href":"https:\/\/greenfilmforum.eu\/es\/wp-json\/wp\/v2\/pages"}],"about":[{"href":"https:\/\/greenfilmforum.eu\/es\/wp-json\/wp\/v2\/types\/page"}],"author":[{"embeddable":true,"href":"https:\/\/greenfilmforum.eu\/es\/wp-json\/wp\/v2\/users\/1"}],"replies":[{"embeddable":true,"href":"https:\/\/greenfilmforum.eu\/es\/wp-json\/wp\/v2\/comments?post=1271"}],"version-history":[{"count":7,"href":"https:\/\/greenfilmforum.eu\/es\/wp-json\/wp\/v2\/pages\/1271\/revisions"}],"predecessor-version":[{"id":1473,"href":"https:\/\/greenfilmforum.eu\/es\/wp-json\/wp\/v2\/pages\/1271\/revisions\/1473"}],"wp:attachment":[{"href":"https:\/\/greenfilmforum.eu\/es\/wp-json\/wp\/v2\/media?parent=1271"}],"curies":[{"name":"wp","href":"https:\/\/api.w.org\/{rel}","templated":true}]}}