{"id":1304,"date":"2024-05-10T11:18:42","date_gmt":"2024-05-10T09:18:42","guid":{"rendered":"https:\/\/greenfilmforum.eu\/aviso-legal\/"},"modified":"2024-10-16T14:37:23","modified_gmt":"2024-10-16T12:37:23","slug":"aviso-legal","status":"publish","type":"page","link":"https:\/\/greenfilmforum.eu\/es\/aviso-legal\/","title":{"rendered":"Aviso legal"},"content":{"rendered":"\t\t<div data-elementor-type=\"wp-page\" data-elementor-id=\"1304\" class=\"elementor elementor-1304 elementor-26\" data-elementor-post-type=\"page\">\n\t\t\t\t<div class=\"elementor-element elementor-element-eea9828 e-con-full e-flex e-con e-parent\" data-id=\"eea9828\" data-element_type=\"container\" data-e-type=\"container\">\n\t\t\t\t<div class=\"elementor-element elementor-element-0475e8d elementor-widget elementor-widget-text-editor\" data-id=\"0475e8d\" data-element_type=\"widget\" data-e-type=\"widget\" data-widget_type=\"text-editor.default\">\n\t\t\t\t<div class=\"elementor-widget-container\">\n\t\t\t\t\t\t\t\t\t<\/p>\n<p><strong>I. INFORMACI\u00d3N GENERAL<\/strong><\/p>\n<p>En cumplimiento con el deber de informaci\u00f3n recogido en la Ley 34\/2002 de Servicios de la Sociedad de la Informaci\u00f3n y del Comercio Electr\u00f3nico (LSSI-CE), de 11 de julio, a continuaci\u00f3n se indican los datos de informaci\u00f3n general de este sitio web:<br \/>La titularidad de este sitio web, greenfilmforum.eu, (en adelante, el Sitio Web) corresponde a: Mediterranean Creative Hub S.L, con CIF: B16509861, cuyos datos de contacto son:<br \/>&#8211; Direcci\u00f3n: Avinguda de Sant Ferran, 21, Ponent, 07011 Palma, Illes Balears<br \/>&#8211; Tel\u00e9fono de contacto: 661620807<br \/>&#8211; Correo electr\u00f3nico de contacto: contact@greenfilmforum.eu<\/p>\n<p><strong>II. CONDICIONES GENERALES DE USO <\/strong><\/p>\n<p>Objeto de las Condiciones: El Sitio Web<br \/>Las presentes Condiciones Generales de Uso (en adelante, Condiciones) tienen por objeto regular el acceso y uso del Sitio Web. A los efectos de las presentes Condiciones, se entender\u00e1 por Sitio Web la apariencia externa de las interfaces de pantalla, tanto de forma est\u00e1tica como din\u00e1mica, es decir, el \u00e1rbol de navegaci\u00f3n; y todos los elementos integrados tanto en las interfaces de pantalla como en el \u00e1rbol de navegaci\u00f3n (en adelante, Contenidos) y todos aquellos servicios o recursos en l\u00ednea que pueda ofrecer a los Usuarios (en adelante, Servicios). <br \/>Green Film Forum Mallorca se reserva la facultad de modificar, en cualquier momento, y sin aviso previo, la presentaci\u00f3n y configuraci\u00f3n del Sitio Web y de los Contenidos y Servicios que en \u00e9l pudieran estar incorporados. El Usuario reconoce y acepta que en cualquier momento Green Film Forum Mallorca pueda interrumpir, desactivar y\/o cancelar cualquiera de estos elementos que se integran en el Sitio Web o el acceso a los mismos. <br \/>El acceso al Sitio Web por parte del Usuario es libre y, como regla general, tiene car\u00e1cter gratuito sin que el Usuario tenga que realizar contraprestaci\u00f3n alguna para disfrutar del mismo, salvo en lo relativo al coste de la conexi\u00f3n a trav\u00e9s de la red de telecomunicaciones suministrada por el proveedor de acceso contratado por el Usuario.<br \/>La utilizaci\u00f3n de los Contenidos no requiere previa suscripci\u00f3n o registro.<br \/>El Usuario<br \/>El acceso, navegaci\u00f3n y uso del Sitio Web atribuye la condici\u00f3n de Usuario, por lo que, desde el mismo momento en que se inicie la navegaci\u00f3n por el Sitio Web, se aceptan todas las Condiciones aqu\u00ed establecidas, as\u00ed como sus posteriores modificaciones, sin perjuicio de la aplicaci\u00f3n de la correspondiente normativa legal de obligado cumplimiento seg\u00fan el caso. Dada la relevancia de las mismas, se recomienda que el Usuario las lea cada vez que visite el Sitio Web.<br \/>El Sitio Web del Green Film Forum Mallorca proporciona gran diversidad de informaci\u00f3n, servicios y datos. El Usuario asume su responsabilidad en el uso correcto del Sitio Web. Dicha responsabilidad se extender\u00e1 a:<br \/>&#8211; Un uso de la informaci\u00f3n, Contenidos y\/o Servicios y datos ofrecidos por Green Film Forum Mallorca que no sea contrario a lo dispuesto por las presentes Condiciones, la Ley, la moral o el orden p\u00fablico, o que de cualquier otro modo puedan suponer lesi\u00f3n de los derechos de terceros o del mismo funcionamiento del Sitio Web.<br \/>&#8211; La veracidad y licitud de las informaciones aportadas por el Usuario en los formularios extendidos por Green Film Forum Mallorca para el acceso a ciertos Contenidos o Servicios ofrecidos por el Sitio Web. En todo caso, el Usuario notificar\u00e1 de forma inmediata a Green Film Forum Mallorca acerca de cualquier hecho que permita el uso indebido de la informaci\u00f3n registrada en dichos formularios, tales como, pero no s\u00f3lo, el robo, extrav\u00edo, o el acceso no autorizado a identificadores y\/o contrase\u00f1as, con el fin de proceder a su inmediata cancelaci\u00f3n.<br \/>El mero acceso a este Sitio Web no supone entablar ning\u00fan tipo de relaci\u00f3n de car\u00e1cter comercial entre Green Film Forum Mallorca y el Usuario.<br \/>El Usuario declara ser mayor de edad y disponer de la capacidad jur\u00eddica suficiente para vincularse por las presentes Condiciones. Por tanto, este Sitio Web de Green Film Forum Mallorca no est\u00e1 dirigido a menores de edad. Green Film Forum Mallorca declina cualquier responsabilidad por el incumplimiento de este requisito.      <\/p>\n<\/p>\n<p><strong>III. ACCESO Y NAVEGACI\u00d3N EN EL SITIO WEB: EXCLUSI\u00d3N DE GARANT\u00cdAS Y DE RESPONSABILIDAD <\/strong><\/p>\n<p>Green Film Forum Mallorca no garantiza la continuidad, disponibilidad y utilidad del Sitio Web ni de los Contenidos o Servicios. Green Film Forum Mallorca har\u00e1 todo lo posible por el buen funcionamiento del Sitio Web, sin embargo, no se responsabiliza ni garantiza que el acceso a este Sitio Web sea ininterrumpido o que est\u00e9 libre de error.<br \/>Tampoco se responsabiliza o garantiza que el contenido o software al que pueda accederse a trav\u00e9s de este Sitio Web, est\u00e9 libre de error o cause un da\u00f1o en el sistema inform\u00e1tico (software y hardware) del Usuario. En ning\u00fan caso Green Film Forum Mallorca ser\u00e1 responsable por las p\u00e9rdidas, da\u00f1os o perjuicios de cualquier tipo que surjan por acceder, navegar y usar el Sitio Web, incluy\u00e9ndose, pero no limit\u00e1ndose, a los ocasionados a los sistemas inform\u00e1ticos o los provocados por la introducci\u00f3n de virus.<br \/>Green Film Forum Mallorca tampoco se hace responsable de los da\u00f1os que pudiesen ocasionarse a los Usuarios por un uso inadecuado de este Sitio Web. En particular, no se hace responsable en modo alguno de las ca\u00eddas, interrupciones, falta o defecto de las telecomunicaciones que pudieran ocurrir.   <\/p>\n<\/p>\n<p><strong>IV. POL\u00cdTICA DE ENLACES <\/strong><\/p>\n<p>Se informa que el Sitio Web del Green Film Forum Mallorca proporciona o puede proporcionar al<\/p>\n<p>Medios de enlace de los Usuarios (como, entre otros, links, banners, botones), directorios y motores de b\u00fasqueda que permiten a los Usuarios acceder a sitios web pertenecientes y\/o gestionados por terceros.<br \/>La instalaci\u00f3n de estos enlaces, directorios y motores de b\u00fasqueda en el Sitio Web tiene por objeto facilitar a los Usuarios la b\u00fasqueda y acceso a la informaci\u00f3n disponible en Internet, sin que pueda considerarse una sugerencia, recomendaci\u00f3n o invitaci\u00f3n para la visita de los mismos.<br \/>Green Film Forum Mallorca ofrece contenidos patrocinados, anuncios y\/o enlaces de afiliados. La informaci\u00f3n que aparece en estos enlaces de afiliaci\u00f3n o los anuncios insertados son proporcionados por los propios anunciantes, por lo que Green Film Forum Mallorca no se responsabiliza de posibles inexactitudes o errores que puedan contener los anuncios, ni garantiza en modo alguno la experiencia, integridad o responsabilidad de los anunciantes o la calidad de sus productos y\/o servicios. <br \/>Asimismo, tampoco garantizar\u00e1 la disponibilidad t\u00e9cnica, exactitud, veracidad, validez o legalidad de sitios ajenos a su propiedad a los que se pueda acceder por medio de los enlaces.<br \/>Green Film Forum Mallorca en ning\u00fan caso revisar\u00e1 o controlar\u00e1 el contenido de otros sitios web, as\u00ed como tampoco aprueba, examina ni hace propios los productos y servicios, contenidos, archivos y cualquier otro material existente en los referidos sitios enlazados.<br \/>Green Film Forum Mallorca no asume ninguna responsabilidad por los da\u00f1os y perjuicios que pudieran causarse por el acceso, uso, calidad o licitud de los contenidos, comunicaciones, opiniones, productos y servicios de los sitios web no gestionados por Green Film Forum Mallorca y que sean enlazados en este Sitio Web.<br \/>El Usuario o tercero que realice un hiperenlace desde una p\u00e1gina web de otro sitio distinto al Sitio Web de Green Film Forum Mallorca debe saber que:<br \/>&#8211; No se permite la reproducci\u00f3n ni total ni parcial de ninguno de los Contenidos y\/o Servicios del Sitio Web sin el permiso expreso de Green Film Forum Mallorca.<br \/>&#8211; No se permite ninguna manifestaci\u00f3n falsa, inexacta o incorrecta sobre el Sitio Web del Forum de Cine Verde de Mallorca, ni sobre los Contenidos y\/o Servicios del mismo.<br \/>&#8211; A excepci\u00f3n del hiperenlace, el sitio web en el que se establezca dicho hiperenlace no contendr\u00e1 ning\u00fan elemento de este Sitio Web, protegido como propiedad intelectual por el ordenamiento jur\u00eddico espa\u00f1ol, salvo autorizaci\u00f3n expresa de Green Film Forum Mallorca.<br \/>&#8211; El establecimiento del hiperv\u00ednculo no implicar\u00e1 la existencia de relaciones entre Green Film Forum Mallorca y el titular del sitio web desde el cual se realice, ni el conocimiento y aceptaci\u00f3n de Green Film Forum Mallorca de los contenidos, servicios y\/o actividades ofrecidos en dicho sitio web, y viceversa.<\/p>\n<\/p>\n<p><strong>V. PROPIEDAD INTELECTUAL E INDUSTRIAL<\/strong><\/p>\n<p>Green Film Forum Mallorca por s\u00ed o como cesionaria, es titular de todos los derechos de propiedad intelectual e industrial del Sitio Web, as\u00ed como de los elementos contenidos en el mismo (a t\u00edtulo enunciativo, im\u00e1genes, sonido, audio, v\u00eddeo, software o textos; marcas o logotipos, combinaciones de colores, estructura y dise\u00f1o, selecci\u00f3n de materiales usados, programas de ordenador necesarios para su funcionamiento, acceso y uso, etc.). Ser\u00e1n, por tanto, obras protegidas como propiedad intelectual por el ordenamiento jur\u00eddico espa\u00f1ol, siendo de aplicaci\u00f3n tanto la legislaci\u00f3n espa\u00f1ola y comunitaria en la materia, como los tratados internacionales relacionados con la materia y suscritos por Espa\u00f1a.<br \/>Todos los derechos reservados. En virtud de lo dispuesto en la Ley de Propiedad Intelectual, quedan expresamente prohibidas la reproducci\u00f3n, la distribuci\u00f3n y la comunicaci\u00f3n p\u00fablica, incluida su modalidad de puesta a disposici\u00f3n, de la totalidad o parte de los contenidos de esta p\u00e1gina web, con fines comerciales, en cualquier soporte y por cualquier medio t\u00e9cnico, sin la autorizaci\u00f3n de Green Film Forum Mallorca.<br \/>El Usuario se compromete a respetar los derechos de Propiedad Intelectual e Industrial titularidad de Green Film Forum Mallorca. El Usuario podr\u00e1 visualizar los elementos del Sitio Web e incluso imprimirlos, copiarlos y almacenarlos en el disco duro de su ordenador o en cualquier otro soporte f\u00edsico siempre y cuando sea, \u00fanica y exclusivamente, para su uso personal. No obstante, el Usuario no podr\u00e1 suprimir, alterar, eludir o manipular cualquier dispositivo de protecci\u00f3n o sistema de seguridad que estuviera instalado en el Sitio Web.<br \/>En el caso de que el Usuario o un tercero consideren que cualquiera de los Contenidos del Sitio Web constituye una violaci\u00f3n de los derechos de protecci\u00f3n de la propiedad intelectual, deber\u00e1 notificarlo inmediatamente a Green Film Forum Mallorca a trav\u00e9s de los datos de contacto que figuran en el apartado de INFORMACI\u00d3N GENERAL del presente Aviso Legal y Condiciones Generales de Uso.    <\/p>\n<\/p>\n<p><strong>VI. ACCIONES LEGALES, LEGISLACI\u00d3N APLICABLE Y JURISDICCI\u00d3N <\/strong><\/p>\n<p>Green Film Forum Mallorca se reserva la facultad de presentar las acciones civiles o penales que considere necesarias por la utilizaci\u00f3n indebida del Sitio Web y Contenidos, o por el incumplimiento de las presentes Condiciones.<br \/>La relaci\u00f3n entre el Usuario y Green Film Forum Mallorca se regir\u00e1 por la normativa vigente y de aplicaci\u00f3n en el territorio espa\u00f1ol. De surgir cualquier controversia en relaci\u00f3n con la interpretaci\u00f3n y\/o aplicaci\u00f3n de las presentes Condiciones las partes someter\u00e1n sus conflictos a la jurisdicci\u00f3n ordinaria someti\u00e9ndose a los jueces y tribunales que corresponda seg\u00fan derecho. <\/p>\n\t\t\t\t\t\t\t\t<\/div>\n\t\t\t\t<\/div>\n\t\t\t\t<\/div>\n\t\t\t\t<\/div>\n\t\t","protected":false},"excerpt":{"rendered":"<p>I. INFORMACI\u00d3N GENERAL En cumplimiento con el deber de informaci\u00f3n recogido en la Ley 34\/2002 de Servicios de la Sociedad de la Informaci\u00f3n y del Comercio Electr\u00f3nico (LSSI-CE), de 11 de julio, a continuaci\u00f3n se indican los datos de informaci\u00f3n general de este sitio web:La titularidad de este sitio web, greenfilmforum.eu, (en adelante, el Sitio [&hellip;]<\/p>\n","protected":false},"author":1,"featured_media":0,"parent":0,"menu_order":0,"comment_status":"closed","ping_status":"closed","template":"elementor_header_footer","meta":{"footnotes":""},"class_list":["post-1304","page","type-page","status-publish","hentry"],"_links":{"self":[{"href":"https:\/\/greenfilmforum.eu\/es\/wp-json\/wp\/v2\/pages\/1304","targetHints":{"allow":["GET"]}}],"collection":[{"href":"https:\/\/greenfilmforum.eu\/es\/wp-json\/wp\/v2\/pages"}],"about":[{"href":"https:\/\/greenfilmforum.eu\/es\/wp-json\/wp\/v2\/types\/page"}],"author":[{"embeddable":true,"href":"https:\/\/greenfilmforum.eu\/es\/wp-json\/wp\/v2\/users\/1"}],"replies":[{"embeddable":true,"href":"https:\/\/greenfilmforum.eu\/es\/wp-json\/wp\/v2\/comments?post=1304"}],"version-history":[{"count":1,"href":"https:\/\/greenfilmforum.eu\/es\/wp-json\/wp\/v2\/pages\/1304\/revisions"}],"predecessor-version":[{"id":1305,"href":"https:\/\/greenfilmforum.eu\/es\/wp-json\/wp\/v2\/pages\/1304\/revisions\/1305"}],"wp:attachment":[{"href":"https:\/\/greenfilmforum.eu\/es\/wp-json\/wp\/v2\/media?parent=1304"}],"curies":[{"name":"wp","href":"https:\/\/api.w.org\/{rel}","templated":true}]}}