{"id":1306,"date":"2024-05-10T11:18:32","date_gmt":"2024-05-10T09:18:32","guid":{"rendered":"https:\/\/greenfilmforum.eu\/politica-de-privacidad\/"},"modified":"2024-10-16T15:07:43","modified_gmt":"2024-10-16T13:07:43","slug":"politica-de-privacidad","status":"publish","type":"page","link":"https:\/\/greenfilmforum.eu\/es\/politica-de-privacidad\/","title":{"rendered":"Pol\u00edtica de Privacidad"},"content":{"rendered":"\t\t<div data-elementor-type=\"wp-page\" data-elementor-id=\"1306\" class=\"elementor elementor-1306 elementor-24\" data-elementor-post-type=\"page\">\n\t\t\t\t<div class=\"elementor-element elementor-element-73a25eb e-con-full e-flex e-con e-parent\" data-id=\"73a25eb\" data-element_type=\"container\" data-e-type=\"container\">\n\t\t\t\t<div class=\"elementor-element elementor-element-ef43e37 elementor-widget elementor-widget-text-editor\" data-id=\"ef43e37\" data-element_type=\"widget\" data-e-type=\"widget\" data-widget_type=\"text-editor.default\">\n\t\t\t\t<div class=\"elementor-widget-container\">\n\t\t\t\t\t\t\t\t\t<p><span style=\"color: var( --e-global-color-accent ); font-family: var( --e-global-typography-text-font-family ), Sans-serif; font-size: var( --e-global-typography-text-font-size ); text-align: var(--text-align); background-color: var( --e-global-color-primary );\"><b>I. POL\u00cdTICA DE PRIVACIDAD Y PROTECCI\u00d3N DE DATOS<\/b><\/span><\/p>\n<p>En cumplimiento de la legislaci\u00f3n vigente, Green Film Forum Mallorca (en adelante, tambi\u00e9n denominado el Sitio Web) se compromete a adoptar las medidas t\u00e9cnicas y organizativas necesarias, seg\u00fan el nivel de seguridad adecuado al riesgo de los datos recogidos.<\/p>\n<\/p>\n<p><strong>Leyes incorporadas en esta pol\u00edtica de privacidad:<\/strong><\/p>\n<p>Esta pol\u00edtica de privacidad est\u00e1 adaptada a la normativa espa\u00f1ola y europea vigente en materia de protecci\u00f3n de datos personales en Internet. En concreto, respeta las siguientes normas:<br \/>&#8211; Reglamento (UE) 2016\/679 del Parlamento Europeo y del Consejo, de 27 de abril de 2016, relativo a la protecci\u00f3n de las personas f\u00edsicas en lo que respecta al tratamiento de datos personales y a la libre circulaci\u00f3n de estos datos (GDPR). <br \/>&#8211; Ley Org\u00e1nica 3\/2018, de 5 de diciembre, de Protecci\u00f3n de Datos Personales y garant\u00eda de los derechos digitales (LOPD-GDD).<br \/>&#8211; Real Decreto 1720\/2007, de 21 de diciembre, por el que se aprueba el Reglamento de desarrollo de la Ley Org\u00e1nica 15\/1999, de 13 de diciembre, de Protecci\u00f3n de Datos de Car\u00e1cter Personal (RDLOPD).<br \/>&#8211; Ley 34\/2002, de 11 de julio, de Servicios de la Sociedad de la Informaci\u00f3n y Comercio Electr\u00f3nico (LSSI-CE).<\/p>\n<\/p>\n<p><strong>Identidad del responsable del tratamiento:<\/strong><\/p>\n<p>El responsable del tratamiento de los datos personales recogidos en Green Film Forum Mallorca es: Mediterranean Creative Hub S.L., con CIF: B16509861 (en adelante, el Responsable del Tratamiento). Sus datos de contacto son los siguientes<br \/>&#8211; Direcci\u00f3n: Avinguda de Sant Ferran, 21, Ponent, 07011 Palma, Illes Balears<br \/>&#8211; Tel\u00e9fono de contacto: 648810092<br \/>&#8211; Correo electr\u00f3nico de contacto: contact@greenfilmforum.eu <\/p>\n<\/p>\n<p><strong>Registro de datos personales:<\/strong><\/p>\n<p>En cumplimiento de lo establecido en el GDPR y la LOPD-GDD, le informamos que los datos personales recabados por Green Film Forum Mallorca, mediante los formularios extendidos en sus p\u00e1ginas, ser\u00e1n incorporados y tratados en nuestro fichero con la finalidad de poder facilitar, agilizar y cumplir los compromisos establecidos entre Green Film Forum Mallorca y el Usuario o el mantenimiento de la relaci\u00f3n que se establezca en los formularios que este \u00faltimo rellene, o para atender una solicitud o petici\u00f3n del mismo. Asimismo, de conformidad con el GDPR y la LOPD-GDD, salvo que resulte de aplicaci\u00f3n la excepci\u00f3n prevista en el art\u00edculo 30.5 del GDPR, se mantiene un registro de actividades de tratamiento en el que se especifican, en funci\u00f3n de sus finalidades, las actividades de tratamiento llevadas a cabo y las dem\u00e1s circunstancias establecidas en el GDPR. <\/p>\n<\/p>\n<p><strong>Principios aplicables al tratamiento de datos personales:<\/strong><\/p>\n<p>El tratamiento de los datos personales del Usuario estar\u00e1 sujeto a los siguientes principios enumerados en el art\u00edculo 5 del GDPR y en el art\u00edculo 4 y siguientes de la Ley Org\u00e1nica 3\/2018, de 5 de diciembre, de Protecci\u00f3n de Datos Personales y garant\u00eda de los derechos digitales:<br \/>&#8211; Principio de licitud, lealtad y transparencia: se requerir\u00e1 en todo momento el consentimiento del Usuario previa informaci\u00f3n completamente transparente de las finalidades para las que se recaban los datos personales.<br \/>&#8211; Principio de limitaci\u00f3n de la finalidad: los datos personales se recoger\u00e1n con fines espec\u00edficos, expl\u00edcitos y leg\u00edtimos.<br \/>&#8211; Principio de minimizaci\u00f3n de datos: los datos personales recogidos ser\u00e1n \u00fanicamente los estrictamente necesarios en relaci\u00f3n con los fines para los que son tratados.<br \/>&#8211; Principio de exactitud: los datos personales deben ser exactos y mantenerse actualizados.<br \/>&#8211; Principio de limitaci\u00f3n del almacenamiento: los datos personales s\u00f3lo se conservar\u00e1n de forma que permitan la identificaci\u00f3n del Usuario durante el tiempo necesario para los fines de su tratamiento.<br \/>&#8211; Principio de integridad y confidencialidad: los datos personales se tratar\u00e1n de forma que se garantice su seguridad y confidencialidad.<br \/>&#8211; Principio de responsabilidad proactiva: el Responsable del Tratamiento ser\u00e1 responsable de garantizar el cumplimiento de los principios anteriores.<\/p>\n<\/p>\n<p><strong>Categor\u00edas de datos personales:<\/strong><\/p>\n<p>Las categor\u00edas de datos tratados en Green Film Forum Mallorca son \u00fanicamente datos de identificaci\u00f3n. En ning\u00fan caso se tratan categor\u00edas especiales de datos personales en el sentido del art\u00edculo 9 del GDPR. <\/p>\n<\/p>\n<p><strong>Base jur\u00eddica para el tratamiento de datos personales:<\/strong><\/p>\n<p>La base legal para el tratamiento de los datos personales es el consentimiento. Green Film Forum Mallorca se compromete a obtener el consentimiento expreso y verificable del Usuario para el tratamiento de sus datos personales para uno o varios fines espec\u00edficos. <\/p>\n<p>El Usuario tiene derecho a retirar su consentimiento en cualquier momento. Ser\u00e1 tan f\u00e1cil retirar el consentimiento como darlo. Como norma general, la retirada del consentimiento no condicionar\u00e1 el uso del Sitio Web.  <\/p>\n<p>En las ocasiones en que el Usuario deba o pueda facilitar sus datos a trav\u00e9s de formularios para realizar consultas, solicitar informaci\u00f3n, o por motivos relacionados con el contenido del Sitio Web, se le informar\u00e1 en caso de que la cumplimentaci\u00f3n de alguno de ellos sea obligatoria por resultar imprescindible para el correcto desarrollo de la operaci\u00f3n realizada.<\/p>\n<\/p>\n<p><strong>Fines del tratamiento a que se destinan los datos personales:<\/strong><\/p>\n<p>Los datos personales son recabados y gestionados por Green Film Forum Mallorca con la finalidad de poder facilitar, agilizar y cumplir los compromisos establecidos entre el Sitio Web y el Usuario o el mantenimiento de la relaci\u00f3n que se establezca en los formularios que este \u00faltimo rellene o para atender una solicitud o consulta.<\/p>\n<p>Igualmente, los datos podr\u00e1n ser utilizados con una finalidad comercial de personalizaci\u00f3n, operativa y estad\u00edstica, y actividades propias del objeto social de Green Film Forum Mallorca, as\u00ed como para la extracci\u00f3n, almacenamiento de datos y estudios de marketing para adecuar los Contenidos ofrecidos al Usuario, as\u00ed como mejorar la calidad, funcionamiento, y navegaci\u00f3n por el Sitio Web.<\/p>\n<p>En el momento en que se obtengan los datos personales, se informar\u00e1 al Usuario sobre la finalidad o finalidades espec\u00edficas del tratamiento a que se destinar\u00e1n los datos personales; es decir, el uso o usos que se dar\u00e1n a la informaci\u00f3n recabada.<\/p>\n<\/p>\n<p><strong>Periodos de conservaci\u00f3n de los datos personales:<\/strong><\/p>\n<p>Los datos personales s\u00f3lo se conservar\u00e1n durante el tiempo m\u00ednimo necesario para los fines de su tratamiento y, en cualquier caso, \u00fanicamente durante el siguiente plazo 18 meses, o hasta que el Usuario solicite su supresi\u00f3n.<\/p>\n<p>En el momento de la obtenci\u00f3n de los datos personales, se informar\u00e1 al Usuario del plazo durante el cual se conservar\u00e1n los datos personales o, cuando ello no sea posible, de los criterios seguidos para determinar dicho plazo.<\/p>\n<\/p>\n<p><strong>Destinatarios de los datos personales:<\/strong><\/p>\n<p>Los datos personales del Usuario se compartir\u00e1n con los siguientes destinatarios o categor\u00edas de destinatarios:<br \/>&#8211; Google Spain S.L, Plaza Pablo Ruiz Picasso, 1 &#8211; Floors 20,26 and 27, Madrid, 28020, Madrid<\/p>\n<p>En caso de que el Responsable del Tratamiento pretenda transferir datos personales a un tercer pa\u00eds u organizaci\u00f3n internacional, en el momento de la obtenci\u00f3n de los datos personales se informar\u00e1 al Usuario sobre el tercer pa\u00eds u organizaci\u00f3n internacional al que se pretende transferir los datos, as\u00ed como de la existencia o no de una decisi\u00f3n de adecuaci\u00f3n por parte de la Comisi\u00f3n.<\/p>\n<\/p>\n<p><strong>Datos personales de menores:<\/strong><\/p>\n<p>En cumplimiento de los art\u00edculos 8 del GDPR y 7 de la Ley Org\u00e1nica 3\/2018, de 5 de diciembre, de Protecci\u00f3n de Datos Personales y garant\u00eda de los derechos digitales, \u00fanicamente los mayores de 14 a\u00f1os podr\u00e1n prestar su consentimiento para el tratamiento l\u00edcito de sus datos personales por parte de Green Film Forum Mallorca. Si se trata de un menor de 14 a\u00f1os, se requiere el consentimiento de los padres o tutores para el tratamiento, y solo se considerar\u00e1 l\u00edcito en la medida en que lo hayan autorizado. <\/p>\n<\/p>\n<p><strong>Secreto y seguridad de los datos personales:<\/strong><\/p>\n<p>Green Film Forum Mallorca se compromete a adoptar las medidas t\u00e9cnicas y organizativas necesarias, seg\u00fan el nivel de seguridad adecuado al riesgo de los datos recogidos, de forma que se garantice la seguridad de los datos de car\u00e1cter personal y se evite su destrucci\u00f3n accidental o il\u00edcita, la p\u00e9rdida o alteraci\u00f3n de los datos personales transmitidos, conservados o tratados de otra forma, o la comunicaci\u00f3n o acceso no autorizados a dichos datos.<\/p>\n<p>No obstante, dado que Green Film Forum Mallorca no puede garantizar la inexpugnabilidad de la red Internet ni la ausencia total de hackers u otros que pudieran acceder de modo fraudulento a los datos personales, el Responsable del Tratamiento se compromete a notificar al Usuario sin dilaci\u00f3n indebida cuando ocurra una violaci\u00f3n de la seguridad de los datos personales que sea probable que entra\u00f1e un alto riesgo para los derechos y libertades de las personas f\u00edsicas. De conformidad con lo dispuesto en el art\u00edculo 4 del RGPD, se entender\u00e1 por violaci\u00f3n de la seguridad de los datos personales cualquier violaci\u00f3n de la seguridad que provoque la destrucci\u00f3n, accidental o il\u00edcita, la p\u00e9rdida o alteraci\u00f3n de datos personales transmitidos, conservados o tratados de otra forma, o la comunicaci\u00f3n o acceso no autorizados a dichos datos. <\/p>\n<p>Los datos personales ser\u00e1n tratados de forma confidencial por el Responsable del Tratamiento, quien se compromete a informar y garantizar por obligaci\u00f3n legal o contractual que dicha confidencialidad sea respetada por sus empleados, asociados y cualquier persona a la que se haga accesible la informaci\u00f3n.<\/p>\n<\/p>\n<p><strong>Derechos derivados del tratamiento de datos personales:<\/strong><\/p>\n<p>El Usuario tiene los siguientes derechos reconocidos en el GDPR y en la Ley Org\u00e1nica 3\/2018, de 5 de diciembre, de Protecci\u00f3n de Datos Personales y garant\u00eda de los derechos digitales, sobre Green Film Forum Mallorca y podr\u00e1, por tanto, ejercitarlos frente al Responsable del Tratamiento:<br \/>&#8211; Derecho de acceso: Es derecho del Usuario obtener confirmaci\u00f3n sobre si Green Film Forum Mallorca est\u00e1 tratando sus datos personales y, en tal caso, obtener informaci\u00f3n sobre sus datos concretos de car\u00e1cter personal y del tratamiento que Green Film Forum Mallorca haya realizado o realice, as\u00ed como, entre otra, de la informaci\u00f3n disponible sobre el origen de dichos datos y los destinatarios de las comunicaciones realizadas o previstas de los mismos.<br \/>&#8211; Derecho de rectificaci\u00f3n: Es el derecho del Usuario a que sus datos personales que resulten ser inexactos sean modificados o, atendiendo a las finalidades del tratamiento, incompletos.<br \/>&#8211; Derecho de supresi\u00f3n (\u00abderecho al olvido\u00bb): Es el derecho del Usuario, siempre que la legislaci\u00f3n vigente no establezca lo contrario, a obtener la supresi\u00f3n de sus datos personales cuando \u00e9stos ya no sean necesarios para los fines para los que fueron recogidos o tratados; el Usuario haya retirado su consentimiento al tratamiento y \u00e9ste no tenga otra base jur\u00eddica; el Usuario se oponga al tratamiento y no exista otro motivo leg\u00edtimo para continuar con el mismo; los datos personales hayan sido tratados il\u00edcitamente; los datos personales deban suprimirse en cumplimiento de una obligaci\u00f3n legal; o los datos personales se hayan obtenido como consecuencia de una oferta directa de servicios de la sociedad de la informaci\u00f3n a un menor de 14 a\u00f1os. Adem\u00e1s de suprimir los datos, el responsable del tratamiento, <\/p>\n<p>teniendo en cuenta la tecnolog\u00eda disponible y el coste de su aplicaci\u00f3n, deber\u00e1 adoptar medidas razonables para informar a los responsables del tratamiento de los datos personales de la solicitud del interesado de supresi\u00f3n de cualquier v\u00ednculo con dichos datos personales.<br \/>&#8211; Derecho a la limitaci\u00f3n del tratamiento: Es el derecho del Usuario a limitar el tratamiento de sus datos personales. El Usuario tiene derecho a obtener la limitaci\u00f3n del tratamiento cuando impugne la exactitud de sus datos personales; el tratamiento sea il\u00edcito; el Responsable del Tratamiento ya no necesite los datos personales, pero el Usuario los necesite para presentar reclamaciones; y cuando el Usuario se haya opuesto al tratamiento. <br \/>&#8211; Derecho a la portabilidad de los datos: En caso de que el tratamiento se realice por medios automatizados, el Usuario tiene derecho a recibir del Responsable del Tratamiento sus datos personales en un formato estructurado, de uso com\u00fan y lectura mec\u00e1nica, y a transmitirlos a otro responsable del tratamiento. Siempre que sea t\u00e9cnicamente posible, el responsable del tratamiento transmitir\u00e1 los datos directamente a ese otro responsable. <br \/>&#8211; Derecho de oposici\u00f3n: Es el derecho del Usuario a que no se lleve a cabo el tratamiento de sus datos de car\u00e1cter personal o se cese el tratamiento de los mismos por parte de Green Film Forum Mallorca.<br \/>&#8211; Derecho a no ser objeto de una decisi\u00f3n basada \u00fanicamente en un tratamiento automatizado, incluida la elaboraci\u00f3n de perfiles: Es el derecho del Usuario a no ser objeto de una decisi\u00f3n individualizada basada \u00fanicamente en el tratamiento automatizado de sus datos personales, incluida la elaboraci\u00f3n de perfiles, existente salvo que la legislaci\u00f3n vigente establezca lo contrario.<\/p>\n<p>As\u00ed, el Usuario podr\u00e1 ejercitar sus derechos mediante comunicaci\u00f3n escrita dirigida al Responsable del Tratamiento con la referencia \u00abRGPD-www.greenfilmforum.eu\u00bb, especificando:<br \/>&#8211; Nombre, apellidos del Usuario, y copia del DNI. En los casos en que se admita la representaci\u00f3n, ser\u00e1 necesario adem\u00e1s identificar por el mismo medio a la persona que represente al Usuario, as\u00ed como el documento acreditativo de la representaci\u00f3n. La fotocopia del DNI podr\u00e1 ser sustituida, por cualquier otro medio v\u00e1lido en derecho que acredite la identidad.  <br \/>&#8211; Solicitud con los motivos concretos de la petici\u00f3n o informaci\u00f3n a la que desea acceder.<br \/>&#8211; Direcci\u00f3n a efectos de notificaci\u00f3n.<br \/>&#8211; Fecha y firma del solicitante.<br \/>&#8211; Cualquier documento que acredite la solicitud que realiza.<\/p>\n<p>Esta solicitud y cualquier otro documento adjunto pueden enviarse a la siguiente direcci\u00f3n postal y\/o electr\u00f3nica:<br \/>&#8211; Direcci\u00f3n postal: Avinguda de Sant Ferran, 21, Ponent, 07011 Palma, Illes Balears<br \/>&#8211; Correo electr\u00f3nico: contact@greenfilmforum.eu<\/p>\n<\/p>\n<p><strong>Enlaces a sitios web de terceros:<\/strong><\/p>\n<p>El Sitio Web puede incluir hiperv\u00ednculos o enlaces que permiten el acceso a p\u00e1ginas web de terceros distintos de Green Film Forum Mallorca y, por tanto, no gestionados por Green Film Forum Mallorca. Los titulares de dichas p\u00e1ginas web tendr\u00e1n sus propias pol\u00edticas de protecci\u00f3n de datos, siendo ellos mismos, en cada caso, responsables de sus propios ficheros y de sus propias pr\u00e1cticas de privacidad. <\/p>\n<\/p>\n<p><strong>Reclamaciones a la autoridad de control:<\/strong><\/p>\n<p>En el caso de que el Usuario considere que existe un problema o infracci\u00f3n de la normativa vigente en la forma en que se est\u00e1n tratando sus datos personales, tendr\u00e1 derecho a la tutela judicial efectiva y a presentar una reclamaci\u00f3n ante una autoridad de control, en particular, en el Estado miembro de su residencia habitual, lugar de trabajo o lugar de la presunta infracci\u00f3n. En el caso de Espa\u00f1a, la autoridad de control es la Agencia Espa\u00f1ola de Protecci\u00f3n de Datos (https:\/\/www.aepd.es\/). <\/p>\n<\/p>\n<p><strong>II. ACEPTACI\u00d3N Y MODIFICACIONES DE LA PRESENTE POL\u00cdTICA DE PRIVACIDAD <\/strong><\/p>\n<p>Es necesario que el Usuario haya le\u00eddo y est\u00e9 conforme con las condiciones sobre protecci\u00f3n de datos de car\u00e1cter personal contenidas en la presente Pol\u00edtica de Privacidad, as\u00ed como que acepte el tratamiento de sus datos personales para que el Responsable del Tratamiento pueda proceder al mismo en la forma, durante los plazos y para las finalidades indicadas. El uso del Sitio Web implicar\u00e1 la aceptaci\u00f3n de su Pol\u00edtica de Privacidad. <\/p>\n<p>Green Film Forum Mallorca se reserva el derecho a modificar su Pol\u00edtica de Privacidad, de acuerdo a su propio criterio, o motivado por un cambio legislativo, jurisprudencial o doctrinal de la Agencia Espa\u00f1ola de Protecci\u00f3n de Datos. Los cambios o actualizaciones en esta Pol\u00edtica de Privacidad no ser\u00e1n notificados expresamente al Usuario. Se recomienda a los Usuarios que consulten peri\u00f3dicamente esta p\u00e1gina para estar al corriente de los \u00faltimos cambios o actualizaciones.  <\/p>\n<p>Esta Pol\u00edtica de Privacidad ha sido actualizada para adaptarse al Reglamento (UE) 2016\/679 del Parlamento Europeo y del Consejo, de 27 de abril de 2016, relativo a la protecci\u00f3n de las personas f\u00edsicas en lo que respecta al tratamiento de datos personales y a la libre circulaci\u00f3n de estos datos (GDPR), y a la Ley Org\u00e1nica 3\/2018, de 5 de diciembre, de Protecci\u00f3n de Datos Personales y garant\u00eda de los derechos digitales.<\/p>\n\t\t\t\t\t\t\t\t<\/div>\n\t\t\t\t<\/div>\n\t\t\t\t<\/div>\n\t\t\t\t<\/div>\n\t\t","protected":false},"excerpt":{"rendered":"<p>I. POL\u00cdTICA DE PRIVACIDAD Y PROTECCI\u00d3N DE DATOS En cumplimiento de la legislaci\u00f3n vigente, Green Film Forum Mallorca (en adelante, tambi\u00e9n denominado el Sitio Web) se compromete a adoptar las medidas t\u00e9cnicas y organizativas necesarias, seg\u00fan el nivel de seguridad adecuado al riesgo de los datos recogidos. Leyes incorporadas en esta pol\u00edtica de privacidad: Esta [&hellip;]<\/p>\n","protected":false},"author":1,"featured_media":0,"parent":0,"menu_order":0,"comment_status":"closed","ping_status":"closed","template":"elementor_header_footer","meta":{"footnotes":""},"class_list":["post-1306","page","type-page","status-publish","hentry"],"_links":{"self":[{"href":"https:\/\/greenfilmforum.eu\/es\/wp-json\/wp\/v2\/pages\/1306","targetHints":{"allow":["GET"]}}],"collection":[{"href":"https:\/\/greenfilmforum.eu\/es\/wp-json\/wp\/v2\/pages"}],"about":[{"href":"https:\/\/greenfilmforum.eu\/es\/wp-json\/wp\/v2\/types\/page"}],"author":[{"embeddable":true,"href":"https:\/\/greenfilmforum.eu\/es\/wp-json\/wp\/v2\/users\/1"}],"replies":[{"embeddable":true,"href":"https:\/\/greenfilmforum.eu\/es\/wp-json\/wp\/v2\/comments?post=1306"}],"version-history":[{"count":1,"href":"https:\/\/greenfilmforum.eu\/es\/wp-json\/wp\/v2\/pages\/1306\/revisions"}],"predecessor-version":[{"id":1307,"href":"https:\/\/greenfilmforum.eu\/es\/wp-json\/wp\/v2\/pages\/1306\/revisions\/1307"}],"wp:attachment":[{"href":"https:\/\/greenfilmforum.eu\/es\/wp-json\/wp\/v2\/media?parent=1306"}],"curies":[{"name":"wp","href":"https:\/\/api.w.org\/{rel}","templated":true}]}}